{"id":228,"date":"2018-02-12T13:52:12","date_gmt":"2018-02-12T12:52:12","guid":{"rendered":"http:\/\/inet-media.com.pl\/cms\/wik\/?page_id=228"},"modified":"2023-01-10T11:07:34","modified_gmt":"2023-01-10T10:07:34","slug":"kasa","status":"publish","type":"page","link":"https:\/\/wik.home.pl\/www\/obsluga-klienta\/kasa\/","title":{"rendered":"Kasa"},"content":{"rendered":"<p><span style=\"font-family: georgia, palatino, serif; font-size: 12pt; color: #000000;\"><span style=\"text-decoration: underline;\"><strong>KASA<\/strong><\/span><strong> :<\/strong><\/span><\/p>\n<p><span style=\"font-family: georgia, palatino, serif; font-size: 12pt; color: #000000;\">Kasa PWiK &#8222;WiK&#8221; sp. z o.o. mie\u015bci si\u0119 w siedzibie Przedsi\u0119biorstwa przy ul. Grunwaldzkiej 1.\u00a0<\/span><\/p>\n<p><span style=\"font-family: georgia, palatino, serif; font-size: 12pt; color: #000000;\">Czynna jest od poniedzia\u0142ku do pi\u0105tku w godzinach 7.00 &#8211; 15.00.<\/span><\/p>\n<p><span style=\"font-family: georgia, palatino, serif; font-size: 12pt; color: #000000;\">P\u0142atno\u015bci w kasie mo\u017cna dokonywa\u0107 got\u00f3wk\u0105 oraz kart\u0105 p\u0142atnicz\u0105.<\/span><\/p>\n<p>&nbsp;<\/p>\n<p><span style=\"font-family: georgia, palatino, serif; font-size: 12pt; color: #000000;\"><span style=\"text-decoration: underline;\"><strong>RACHUNEK BANKOWY<\/strong><\/span><strong> :<\/strong><\/span><\/p>\n<p><span style=\"font-family: georgia, palatino, serif; font-size: 12pt; color: #000000;\">P\u0142atno\u015bci mo\u017cna tak\u017ce dokonywa\u0107 na rachunek bankowy, w tym przypadku prosimy podawa\u0107 w tytule numer faktury i kod odbiorcy.<\/span><\/p>\n<p><span style=\"font-family: georgia, palatino, serif; font-size: 12pt; color: #000000;\">Konto do wp\u0142at:<\/span><\/p>\n<p><span style=\"font-family: georgia, palatino, serif; font-size: 12pt; color: #000000;\"><strong>Bank Sp\u00f3\u0142dzielczy w Pruszczu Gda\u0144skim<\/strong><\/span><\/p>\n<p><span style=\"font-family: georgia, palatino, serif; font-size: 12pt; color: #000000;\"><strong>57 8335 0003 0115 8920 2000 0001<\/strong><\/span><\/p>\n","protected":false},"excerpt":{"rendered":"<p>KASA : Kasa PWiK &#8222;WiK&#8221; sp. z o.o. mie\u015bci si\u0119 w siedzibie Przedsi\u0119biorstwa przy ul. Grunwaldzkiej 1.\u00a0 Czynna jest od poniedzia\u0142ku do pi\u0105tku w godzinach 7.00 &#8211; 15.00. P\u0142atno\u015bci w kasie mo\u017cna dokonywa\u0107 got\u00f3wk\u0105 oraz kart\u0105 p\u0142atnicz\u0105. &nbsp; RACHUNEK BANKOWY : P\u0142atno\u015bci mo\u017cna tak\u017ce dokonywa\u0107 na rachunek bankowy, w tym przypadku prosimy podawa\u0107 w tytule [&hellip;]<\/p>\n","protected":false},"author":1,"featured_media":0,"parent":24,"menu_order":0,"comment_status":"closed","ping_status":"closed","template":"","meta":{"_links_to":"","_links_to_target":""},"_links":{"self":[{"href":"https:\/\/wik.home.pl\/www\/wp-json\/wp\/v2\/pages\/228"}],"collection":[{"href":"https:\/\/wik.home.pl\/www\/wp-json\/wp\/v2\/pages"}],"about":[{"href":"https:\/\/wik.home.pl\/www\/wp-json\/wp\/v2\/types\/page"}],"author":[{"embeddable":true,"href":"https:\/\/wik.home.pl\/www\/wp-json\/wp\/v2\/users\/1"}],"replies":[{"embeddable":true,"href":"https:\/\/wik.home.pl\/www\/wp-json\/wp\/v2\/comments?post=228"}],"version-history":[{"count":10,"href":"https:\/\/wik.home.pl\/www\/wp-json\/wp\/v2\/pages\/228\/revisions"}],"predecessor-version":[{"id":2294,"href":"https:\/\/wik.home.pl\/www\/wp-json\/wp\/v2\/pages\/228\/revisions\/2294"}],"up":[{"embeddable":true,"href":"https:\/\/wik.home.pl\/www\/wp-json\/wp\/v2\/pages\/24"}],"wp:attachment":[{"href":"https:\/\/wik.home.pl\/www\/wp-json\/wp\/v2\/media?parent=228"}],"curies":[{"name":"wp","href":"https:\/\/api.w.org\/{rel}","templated":true}]}}